{"id":7336,"date":"2018-10-31T12:17:28","date_gmt":"2018-10-31T12:17:28","guid":{"rendered":"http:\/\/www.lebebevoyageur.com\/quebec\/"},"modified":"2021-10-13T13:36:51","modified_gmt":"2021-10-13T13:36:51","slug":"quebec","status":"publish","type":"page","link":"https:\/\/lebebevoyageur.com\/en\/quebec\/","title":{"rendered":"Qu\u00e9bec"},"content":{"rendered":"<div class=\"wpb-content-wrapper\"><p>[vc_row][vc_column]<div class=\"mkdf-blog-list-holder mkdf-bl-standard mkdf-bl-three-columns mkdf-small-space mkdf-bl-pag-no-pagination\"  data-type=standard data-number-of-posts=-1 data-number-of-columns=3 data-space-between-items=small data-category=quebec data-order-by=date data-order=ASC data-image-size=roam_mikado_square data-title-tag=h4 data-excerpt-length=0 data-post-info-section=no data-post-info-image=yes data-post-info-author=yes data-post-info-date=yes data-post-info-category=yes data-post-info-comments=no data-post-info-like=no data-post-info-share=no data-pagination-type=no-pagination data-holder-classes=mkdf-bl-standard mkdf-bl-three-columns mkdf-small-space mkdf-bl-pag-no-pagination data-max-num-pages=0 data-next-page=2>\n\t<div class=\"mkdf-bl-wrapper mkdf-outer-space\">\n\t\t<ul class=\"mkdf-blog-list\">\n\t\t\t<li class=\"mkdf-bl-item mkdf-item-space clearfix\">\n\t<div class=\"mkdf-bli-inner\">\n\t\t\n\t<div class=\"mkdf-post-image\">\n\t\t\t\t\t<a itemprop=\"url\" href=\"https:\/\/lebebevoyageur.com\/en\/basiliquenotredame\/\" title=\"Notre-Dame Basilica\">\n\t\t\t\t\t\t\t\t\t<img decoding=\"async\" width=\"550\" height=\"550\" src=\"https:\/\/lebebevoyageur.com\/wp-content\/uploads\/2019\/02\/IMG_1854-550x550.jpg\" class=\"attachment-roam_mikado_square size-roam_mikado_square wp-post-image\" alt=\"\" srcset=\"https:\/\/lebebevoyageur.com\/wp-content\/uploads\/2019\/02\/IMG_1854-550x550.jpg 550w, https:\/\/lebebevoyageur.com\/wp-content\/uploads\/2019\/02\/IMG_1854-150x150.jpg 150w, https:\/\/lebebevoyageur.com\/wp-content\/uploads\/2019\/02\/IMG_1854-300x300.jpg 300w, https:\/\/lebebevoyageur.com\/wp-content\/uploads\/2019\/02\/IMG_1854-768x768.jpg 768w, https:\/\/lebebevoyageur.com\/wp-content\/uploads\/2019\/02\/IMG_1854-1024x1024.jpg 1024w, https:\/\/lebebevoyageur.com\/wp-content\/uploads\/2019\/02\/IMG_1854-1100x1100.jpg 1100w, https:\/\/lebebevoyageur.com\/wp-content\/uploads\/2019\/02\/IMG_1854-600x600.jpg 600w, https:\/\/lebebevoyageur.com\/wp-content\/uploads\/2019\/02\/IMG_1854-100x100.jpg 100w, https:\/\/lebebevoyageur.com\/wp-content\/uploads\/2019\/02\/IMG_1854-e1561326646543.jpg 350w\" sizes=\"(max-width: 550px) 100vw, 550px\" \/>\t\t\t\t\t\t\t\t<\/a>\n\t\t\t\t\t<\/div>\n        <div class=\"mkdf-bli-content\">\n            \t\n\t        \n<h4 itemprop=\"name\" class=\"entry-title mkdf-post-title\" >\n            <a itemprop=\"url\" href=\"https:\/\/lebebevoyageur.com\/en\/basiliquenotredame\/\" title=\"Notre-Dame Basilica\">\n            Notre-Dame Basilica            <\/a>\n    <\/h4>\t\n\t        <div class=\"mkdf-bli-excerpt\">\n\t\t        \t\t        \t<div class=\"mkdf-post-read-more-button\">\n\t\t<a itemprop=\"url\" href=\"https:\/\/lebebevoyageur.com\/en\/basiliquenotredame\/\" target=\"_self\"  class=\"mkdf-btn mkdf-btn-medium mkdf-btn-simple mkdf-blog-list-button\"  >    <span class=\"mkdf-btn-text\">READ MORE<\/span>    <\/a>\t<\/div>\n\t        <\/div>\n        <\/div>\n\t<\/div>\n<\/li><li class=\"mkdf-bl-item mkdf-item-space clearfix\">\n\t<div class=\"mkdf-bli-inner\">\n\t\t\n\t<div class=\"mkdf-post-image\">\n\t\t\t\t\t<a itemprop=\"url\" href=\"https:\/\/lebebevoyageur.com\/en\/lagranderouedemontreal\/\" title=\"The Montreal Ferris Wheel\">\n\t\t\t\t\t\t\t\t\t<img decoding=\"async\" width=\"550\" height=\"550\" src=\"https:\/\/lebebevoyageur.com\/wp-content\/uploads\/2019\/02\/IMG_1779-550x550.jpg\" class=\"attachment-roam_mikado_square size-roam_mikado_square wp-post-image\" alt=\"\" srcset=\"https:\/\/lebebevoyageur.com\/wp-content\/uploads\/2019\/02\/IMG_1779-550x550.jpg 550w, https:\/\/lebebevoyageur.com\/wp-content\/uploads\/2019\/02\/IMG_1779-150x150.jpg 150w, https:\/\/lebebevoyageur.com\/wp-content\/uploads\/2019\/02\/IMG_1779-300x300.jpg 300w, https:\/\/lebebevoyageur.com\/wp-content\/uploads\/2019\/02\/IMG_1779-768x768.jpg 768w, https:\/\/lebebevoyageur.com\/wp-content\/uploads\/2019\/02\/IMG_1779-1024x1024.jpg 1024w, https:\/\/lebebevoyageur.com\/wp-content\/uploads\/2019\/02\/IMG_1779-1100x1100.jpg 1100w, https:\/\/lebebevoyageur.com\/wp-content\/uploads\/2019\/02\/IMG_1779-600x600.jpg 600w, https:\/\/lebebevoyageur.com\/wp-content\/uploads\/2019\/02\/IMG_1779-100x100.jpg 100w, https:\/\/lebebevoyageur.com\/wp-content\/uploads\/2019\/02\/IMG_1779-e1561321086317.jpg 350w\" sizes=\"(max-width: 550px) 100vw, 550px\" \/>\t\t\t\t\t\t\t\t<\/a>\n\t\t\t\t\t<\/div>\n        <div class=\"mkdf-bli-content\">\n            \t\n\t        \n<h4 itemprop=\"name\" class=\"entry-title mkdf-post-title\" >\n            <a itemprop=\"url\" href=\"https:\/\/lebebevoyageur.com\/en\/lagranderouedemontreal\/\" title=\"The Montreal Ferris Wheel\">\n            The Montreal Ferris Wheel            <\/a>\n    <\/h4>\t\n\t        <div class=\"mkdf-bli-excerpt\">\n\t\t        \t\t        \t<div class=\"mkdf-post-read-more-button\">\n\t\t<a itemprop=\"url\" href=\"https:\/\/lebebevoyageur.com\/en\/lagranderouedemontreal\/\" target=\"_self\"  class=\"mkdf-btn mkdf-btn-medium mkdf-btn-simple mkdf-blog-list-button\"  >    <span class=\"mkdf-btn-text\">READ MORE<\/span>    <\/a>\t<\/div>\n\t        <\/div>\n        <\/div>\n\t<\/div>\n<\/li><li class=\"mkdf-bl-item mkdf-item-space clearfix\">\n\t<div class=\"mkdf-bli-inner\">\n\t\t\n\t<div class=\"mkdf-post-image\">\n\t\t\t\t\t<a itemprop=\"url\" href=\"https:\/\/lebebevoyageur.com\/en\/montreal\/\" title=\"Montreal, you have changed!\">\n\t\t\t\t\t\t\t\t\t<img decoding=\"async\" width=\"550\" height=\"550\" src=\"https:\/\/lebebevoyageur.com\/wp-content\/uploads\/2018\/11\/fullsizeoutput_6f23-550x550.jpg\" class=\"attachment-roam_mikado_square size-roam_mikado_square wp-post-image\" alt=\"\" srcset=\"https:\/\/lebebevoyageur.com\/wp-content\/uploads\/2018\/11\/fullsizeoutput_6f23-550x550.jpg 550w, https:\/\/lebebevoyageur.com\/wp-content\/uploads\/2018\/11\/fullsizeoutput_6f23-150x150.jpg 150w, https:\/\/lebebevoyageur.com\/wp-content\/uploads\/2018\/11\/fullsizeoutput_6f23-300x300.jpg 300w, https:\/\/lebebevoyageur.com\/wp-content\/uploads\/2018\/11\/fullsizeoutput_6f23-100x100.jpg 100w\" sizes=\"(max-width: 550px) 100vw, 550px\" \/>\t\t\t\t\t\t\t\t<\/a>\n\t\t\t\t\t<\/div>\n        <div class=\"mkdf-bli-content\">\n            \t\n\t        \n<h4 itemprop=\"name\" class=\"entry-title mkdf-post-title\" >\n            <a itemprop=\"url\" href=\"https:\/\/lebebevoyageur.com\/en\/montreal\/\" title=\"Montreal, you have changed!\">\n            Montreal, you have changed!            <\/a>\n    <\/h4>\t\n\t        <div class=\"mkdf-bli-excerpt\">\n\t\t        \t\t        \t<div class=\"mkdf-post-read-more-button\">\n\t\t<a itemprop=\"url\" href=\"https:\/\/lebebevoyageur.com\/en\/montreal\/\" target=\"_self\"  class=\"mkdf-btn mkdf-btn-medium mkdf-btn-simple mkdf-blog-list-button\"  >    <span class=\"mkdf-btn-text\">READ MORE<\/span>    <\/a>\t<\/div>\n\t        <\/div>\n        <\/div>\n\t<\/div>\n<\/li><li class=\"mkdf-bl-item mkdf-item-space clearfix\">\n\t<div class=\"mkdf-bli-inner\">\n\t\t\n\t<div class=\"mkdf-post-image\">\n\t\t\t\t\t<a itemprop=\"url\" href=\"https:\/\/lebebevoyageur.com\/en\/quebec-alberta\/\" title=\"Quebec-Alberta via the United States\">\n\t\t\t\t\t\t\t\t\t<img decoding=\"async\" width=\"550\" height=\"550\" src=\"https:\/\/lebebevoyageur.com\/wp-content\/uploads\/2018\/11\/fullsizeoutput_6f8c-550x550.jpg\" class=\"attachment-roam_mikado_square size-roam_mikado_square wp-post-image\" alt=\"\" srcset=\"https:\/\/lebebevoyageur.com\/wp-content\/uploads\/2018\/11\/fullsizeoutput_6f8c-550x550.jpg 550w, https:\/\/lebebevoyageur.com\/wp-content\/uploads\/2018\/11\/fullsizeoutput_6f8c-150x150.jpg 150w, https:\/\/lebebevoyageur.com\/wp-content\/uploads\/2018\/11\/fullsizeoutput_6f8c-300x300.jpg 300w, https:\/\/lebebevoyageur.com\/wp-content\/uploads\/2018\/11\/fullsizeoutput_6f8c-100x100.jpg 100w\" sizes=\"(max-width: 550px) 100vw, 550px\" \/>\t\t\t\t\t\t\t\t<\/a>\n\t\t\t\t\t<\/div>\n        <div class=\"mkdf-bli-content\">\n            \t\n\t        \n<h4 itemprop=\"name\" class=\"entry-title mkdf-post-title\" >\n            <a itemprop=\"url\" href=\"https:\/\/lebebevoyageur.com\/en\/quebec-alberta\/\" title=\"Quebec-Alberta via the United States\">\n            Quebec-Alberta via the United States            <\/a>\n    <\/h4>\t\n\t        <div class=\"mkdf-bli-excerpt\">\n\t\t        \t\t        \t<div class=\"mkdf-post-read-more-button\">\n\t\t<a itemprop=\"url\" href=\"https:\/\/lebebevoyageur.com\/en\/quebec-alberta\/\" target=\"_self\"  class=\"mkdf-btn mkdf-btn-medium mkdf-btn-simple mkdf-blog-list-button\"  >    <span class=\"mkdf-btn-text\">READ MORE<\/span>    <\/a>\t<\/div>\n\t        <\/div>\n        <\/div>\n\t<\/div>\n<\/li><li class=\"mkdf-bl-item mkdf-item-space clearfix\">\n\t<div class=\"mkdf-bli-inner\">\n\t\t\n\t<div class=\"mkdf-post-image\">\n\t\t\t\t\t<a itemprop=\"url\" href=\"https:\/\/lebebevoyageur.com\/en\/pointe-au-pere-sous-marin-onondaga\/\" title=\"Pointe-au-P\u00e8re Lighthouse National Historic Site and the Onondaga Submarine\">\n\t\t\t\t\t\t\t\t\t<img decoding=\"async\" width=\"550\" height=\"550\" src=\"https:\/\/lebebevoyageur.com\/wp-content\/uploads\/2019\/06\/fullsizeoutput_6ce0-550x550.jpg\" class=\"attachment-roam_mikado_square size-roam_mikado_square wp-post-image\" alt=\"\" srcset=\"https:\/\/lebebevoyageur.com\/wp-content\/uploads\/2019\/06\/fullsizeoutput_6ce0-550x550.jpg 550w, https:\/\/lebebevoyageur.com\/wp-content\/uploads\/2019\/06\/fullsizeoutput_6ce0-150x150.jpg 150w, https:\/\/lebebevoyageur.com\/wp-content\/uploads\/2019\/06\/fullsizeoutput_6ce0-300x300.jpg 300w, https:\/\/lebebevoyageur.com\/wp-content\/uploads\/2019\/06\/fullsizeoutput_6ce0-768x768.jpg 768w, https:\/\/lebebevoyageur.com\/wp-content\/uploads\/2019\/06\/fullsizeoutput_6ce0-600x600.jpg 600w, https:\/\/lebebevoyageur.com\/wp-content\/uploads\/2019\/06\/fullsizeoutput_6ce0-100x100.jpg 100w, https:\/\/lebebevoyageur.com\/wp-content\/uploads\/2019\/06\/fullsizeoutput_6ce0.jpg 1000w\" sizes=\"(max-width: 550px) 100vw, 550px\" \/>\t\t\t\t\t\t\t\t<\/a>\n\t\t\t\t\t<\/div>\n        <div class=\"mkdf-bli-content\">\n            \t\n\t        \n<h4 itemprop=\"name\" class=\"entry-title mkdf-post-title\" >\n            <a itemprop=\"url\" href=\"https:\/\/lebebevoyageur.com\/en\/pointe-au-pere-sous-marin-onondaga\/\" title=\"Pointe-au-P\u00e8re Lighthouse National Historic Site and the Onondaga Submarine\">\n            Pointe-au-P\u00e8re Lighthouse National Historic Site and the Onondaga Submarine            <\/a>\n    <\/h4>\t\n\t        <div class=\"mkdf-bli-excerpt\">\n\t\t        \t\t        \t<div class=\"mkdf-post-read-more-button\">\n\t\t<a itemprop=\"url\" href=\"https:\/\/lebebevoyageur.com\/en\/pointe-au-pere-sous-marin-onondaga\/\" target=\"_self\"  class=\"mkdf-btn mkdf-btn-medium mkdf-btn-simple mkdf-blog-list-button\"  >    <span class=\"mkdf-btn-text\">READ MORE<\/span>    <\/a>\t<\/div>\n\t        <\/div>\n        <\/div>\n\t<\/div>\n<\/li>\t\t<\/ul>\n\t<\/div>\n\t<\/div>[\/vc_column][\/vc_row]<\/p>\n<\/div><!-- AddThis Advanced Settings generic via filter on the_content --><!-- AddThis Share Buttons generic via filter on the_content -->","protected":false},"excerpt":{"rendered":"<p> [&hellip;]<!-- AddThis Advanced Settings generic via filter on get_the_excerpt --><!-- AddThis Share Buttons generic via filter on get_the_excerpt --><\/p>\n","protected":false},"author":1,"featured_media":0,"parent":0,"menu_order":0,"comment_status":"closed","ping_status":"closed","template":"","meta":{"footnotes":""},"class_list":["post-7336","page","type-page","status-publish","hentry"],"yoast_head":"<!-- This site is optimized with the Yoast SEO plugin v22.7 - https:\/\/yoast.com\/wordpress\/plugins\/seo\/ -->\n<title>Qu\u00e9bec - Le B\u00e9b\u00e9 Voyageur<\/title>\n<meta name=\"robots\" content=\"index, follow, max-snippet:-1, max-image-preview:large, max-video-preview:-1\" \/>\n<link rel=\"canonical\" href=\"https:\/\/lebebevoyageur.com\/en\/quebec\/\" \/>\n<meta property=\"og:locale\" content=\"en_US\" \/>\n<meta property=\"og:type\" content=\"article\" \/>\n<meta property=\"og:title\" content=\"Qu\u00e9bec - Le B\u00e9b\u00e9 Voyageur\" \/>\n<meta property=\"og:description\" content=\"[&hellip;]\" \/>\n<meta property=\"og:url\" content=\"https:\/\/lebebevoyageur.com\/en\/quebec\/\" \/>\n<meta property=\"og:site_name\" content=\"Le B\u00e9b\u00e9 Voyageur\" \/>\n<meta property=\"article:modified_time\" content=\"2021-10-13T13:36:51+00:00\" \/>\n<meta name=\"twitter:card\" content=\"summary_large_image\" \/>\n<script type=\"application\/ld+json\" class=\"yoast-schema-graph\">{\"@context\":\"https:\/\/schema.org\",\"@graph\":[{\"@type\":\"WebPage\",\"@id\":\"https:\/\/lebebevoyageur.com\/en\/quebec\/\",\"url\":\"https:\/\/lebebevoyageur.com\/en\/quebec\/\",\"name\":\"Qu\u00e9bec - Le B\u00e9b\u00e9 Voyageur\",\"isPartOf\":{\"@id\":\"https:\/\/lebebevoyageur.com\/en\/#website\"},\"datePublished\":\"2018-10-31T12:17:28+00:00\",\"dateModified\":\"2021-10-13T13:36:51+00:00\",\"breadcrumb\":{\"@id\":\"https:\/\/lebebevoyageur.com\/en\/quebec\/#breadcrumb\"},\"inLanguage\":\"en-US\",\"potentialAction\":[{\"@type\":\"ReadAction\",\"target\":[\"https:\/\/lebebevoyageur.com\/en\/quebec\/\"]}]},{\"@type\":\"BreadcrumbList\",\"@id\":\"https:\/\/lebebevoyageur.com\/en\/quebec\/#breadcrumb\",\"itemListElement\":[{\"@type\":\"ListItem\",\"position\":1,\"name\":\"Accueil\",\"item\":\"https:\/\/lebebevoyageur.com\/en\/\"},{\"@type\":\"ListItem\",\"position\":2,\"name\":\"Qu\u00e9bec\"}]},{\"@type\":\"WebSite\",\"@id\":\"https:\/\/lebebevoyageur.com\/en\/#website\",\"url\":\"https:\/\/lebebevoyageur.com\/en\/\",\"name\":\"Le B\u00e9b\u00e9 Voyageur\",\"description\":\"\",\"potentialAction\":[{\"@type\":\"SearchAction\",\"target\":{\"@type\":\"EntryPoint\",\"urlTemplate\":\"https:\/\/lebebevoyageur.com\/en\/?s={search_term_string}\"},\"query-input\":\"required name=search_term_string\"}],\"inLanguage\":\"en-US\"}]}<\/script>\n<!-- \/ Yoast SEO plugin. -->","yoast_head_json":{"title":"Qu\u00e9bec - Le B\u00e9b\u00e9 Voyageur","robots":{"index":"index","follow":"follow","max-snippet":"max-snippet:-1","max-image-preview":"max-image-preview:large","max-video-preview":"max-video-preview:-1"},"canonical":"https:\/\/lebebevoyageur.com\/en\/quebec\/","og_locale":"en_US","og_type":"article","og_title":"Qu\u00e9bec - Le B\u00e9b\u00e9 Voyageur","og_description":"[&hellip;]","og_url":"https:\/\/lebebevoyageur.com\/en\/quebec\/","og_site_name":"Le B\u00e9b\u00e9 Voyageur","article_modified_time":"2021-10-13T13:36:51+00:00","twitter_card":"summary_large_image","schema":{"@context":"https:\/\/schema.org","@graph":[{"@type":"WebPage","@id":"https:\/\/lebebevoyageur.com\/en\/quebec\/","url":"https:\/\/lebebevoyageur.com\/en\/quebec\/","name":"Qu\u00e9bec - Le B\u00e9b\u00e9 Voyageur","isPartOf":{"@id":"https:\/\/lebebevoyageur.com\/en\/#website"},"datePublished":"2018-10-31T12:17:28+00:00","dateModified":"2021-10-13T13:36:51+00:00","breadcrumb":{"@id":"https:\/\/lebebevoyageur.com\/en\/quebec\/#breadcrumb"},"inLanguage":"en-US","potentialAction":[{"@type":"ReadAction","target":["https:\/\/lebebevoyageur.com\/en\/quebec\/"]}]},{"@type":"BreadcrumbList","@id":"https:\/\/lebebevoyageur.com\/en\/quebec\/#breadcrumb","itemListElement":[{"@type":"ListItem","position":1,"name":"Accueil","item":"https:\/\/lebebevoyageur.com\/en\/"},{"@type":"ListItem","position":2,"name":"Qu\u00e9bec"}]},{"@type":"WebSite","@id":"https:\/\/lebebevoyageur.com\/en\/#website","url":"https:\/\/lebebevoyageur.com\/en\/","name":"Le B\u00e9b\u00e9 Voyageur","description":"","potentialAction":[{"@type":"SearchAction","target":{"@type":"EntryPoint","urlTemplate":"https:\/\/lebebevoyageur.com\/en\/?s={search_term_string}"},"query-input":"required name=search_term_string"}],"inLanguage":"en-US"}]}},"_links":{"self":[{"href":"https:\/\/lebebevoyageur.com\/en\/wp-json\/wp\/v2\/pages\/7336","targetHints":{"allow":["GET"]}}],"collection":[{"href":"https:\/\/lebebevoyageur.com\/en\/wp-json\/wp\/v2\/pages"}],"about":[{"href":"https:\/\/lebebevoyageur.com\/en\/wp-json\/wp\/v2\/types\/page"}],"author":[{"embeddable":true,"href":"https:\/\/lebebevoyageur.com\/en\/wp-json\/wp\/v2\/users\/1"}],"replies":[{"embeddable":true,"href":"https:\/\/lebebevoyageur.com\/en\/wp-json\/wp\/v2\/comments?post=7336"}],"version-history":[{"count":1,"href":"https:\/\/lebebevoyageur.com\/en\/wp-json\/wp\/v2\/pages\/7336\/revisions"}],"predecessor-version":[{"id":8697,"href":"https:\/\/lebebevoyageur.com\/en\/wp-json\/wp\/v2\/pages\/7336\/revisions\/8697"}],"wp:attachment":[{"href":"https:\/\/lebebevoyageur.com\/en\/wp-json\/wp\/v2\/media?parent=7336"}],"curies":[{"name":"wp","href":"https:\/\/api.w.org\/{rel}","templated":true}]}}