{"id":7970,"date":"2017-08-07T13:02:07","date_gmt":"2017-08-07T13:02:07","guid":{"rendered":"http:\/\/www.lebebevoyageur.com\/qui-suis-je\/"},"modified":"2020-05-06T01:17:23","modified_gmt":"2020-05-06T01:17:23","slug":"who-am-i","status":"publish","type":"page","link":"https:\/\/lebebevoyageur.com\/en\/who-am-i\/","title":{"rendered":"Who am I"},"content":{"rendered":"<div class=\"wpb-content-wrapper\"><p>[vc_row row_content_width=&#8221;grid&#8221; css=&#8221;.vc_custom_1502195385713{padding-top: 90px !important;padding-bottom: 90px !important;}&#8221;][vc_column]<div class=\"mkdf-elements-holder   mkdf-two-columns  mkdf-responsive-mode-1024 \" ><div class=\"mkdf-eh-item    \"  data-item-class=\"mkdf-eh-custom-8333\"     >\n\t<div class=\"mkdf-eh-item-inner\">\n\t\t<div class=\"mkdf-eh-item-content mkdf-eh-custom-8333\" style=\"padding: 25px 0px 25px\">\n\t\t\t[vc_single_image image=&#8221;6712&#8243; img_size=&#8221;full&#8221;][vc_single_image image=&#8221;6927&#8243; img_size=&#8221;full&#8221;]\t\t<\/div>\n\t<\/div>\n<\/div><div class=\"mkdf-eh-item    \"  data-item-class=\"mkdf-eh-custom-5164\" data-1280-1600=\"0 0 30px 65px\" data-1024-1280=\"0 0 40px 50px\" data-768-1024=\"20px 23% 0px 0%\" data-680-768=\"20px 6% 0px 0%\" data-680=\"20px 0% 0px 0%\">\n\t<div class=\"mkdf-eh-item-inner\">\n\t\t<div class=\"mkdf-eh-item-content mkdf-eh-custom-5164\" style=\"padding: 0 0 30px 50px\">\n\t\t\t[vc_column_text]<\/p>\n<h2>About me&#8230;<\/h2>\n<p>[\/vc_column_text]<h2 class=\"mkdf-custom-font-holder  mkdf-cf-6873  \" style=\"font-family: Playfair Display;font-size: 20px;line-height: 25px;font-weight: 400;font-style: italic;text-align: left;color: #ff681a;margin: 0 0 0 0\" data-item-class=\"mkdf-cf-6873\">\n\t<\/h2>[vc_empty_space height=&#8221;10px&#8221;][vc_column_text]<span style=\"font-weight: 400;\">I was born on a beautiful June day in a big hospital in Edmonton, Alberta after my mother worked for 30 hours to show me the world! I was less in a hurry then than today to admire all it has to offer.<\/span><\/p>\n<p><span style=\"font-weight: 400;\">For the first few days of my life, I gave my parents a lot of trouble by constantly crying and refusing to sleep. After three weeks of being housebound, my mother, a great traveller, couldn\u2019t take it anymore and brought me to the West Edmonton Mall, the biggest shopping centre in the West. I slept in my stroller like never before. My mother even went to a restaurant with a friend while I was still sleeping by her side. It was there that she understood that I was made to go out, to be among crowds and constantly on the move!<\/span><\/p>\n<p><span style=\"font-weight: 400;\">At six weeks, I flew to Quebec for the first time to meet my grandparents. We took the opportunity to visit several regions of Quebec such as Estrie, Mauricie, Capitale-Nationale, Bas-Saint-Laurent, Mont\u00e9r\u00e9gie, Chaudi\u00e8re-Appalaches and the Laurentides. Our family laughed at us wondering if we were going on a tour of Quebec. This is when my mother had the idea to create a Facebook page so that our loved ones can follow us on our adventures. However, in a short time, I found myself with 100 <\/span><i><span style=\"font-weight: 400;\">fans<\/span><\/i><span style=\"font-weight: 400;\">, then 300 and quickly almost 500. Then came the Instagram, YouTube and Pinterest accounts and the bilingual blog you are currently visiting.\u00a0<\/span><\/p>\n<p><span style=\"font-weight: 400;\">At eight months, I had my first passport in hand and I flew to Los Cabos, Mexico. Since then, I have travelled across Canada many times, travelled to several US states, including Hawaii, visited Mexico and Cuba, and this is just the beginning.<\/span><\/p>\n<p><span style=\"font-weight: 400;\">Thank you for reading me, following me on social media and sharing my passion for travel.<\/span><\/p>\n<p><span style=\"font-weight: 400;\">See you soon,<\/span>[\/vc_column_text][vc_empty_space height=&#8221;5px&#8221;]\t\t<\/div>\n\t<\/div>\n<\/div><\/div>[\/vc_column][\/vc_row][vc_row row_content_width=&#8221;grid&#8221; simple_background_color=&#8221;#ff681a&#8221; css=&#8221;.vc_custom_1561667754417{padding-top: 127px !important;}&#8221;][vc_column width=&#8221;1\/3&#8243; css=&#8221;.vc_custom_1561667590195{padding-right: 50px !important;padding-left: 50px !important;}&#8221;][vc_single_image image=&#8221;7283&#8243; img_size=&#8221;300&#215;300&#8243; alignment=&#8221;center&#8221; style=&#8221;vc_box_circle_2&#8243; css=&#8221;.vc_custom_1561675000150{padding-bottom: 50px !important;}&#8221;][vc_column_text]<\/p>\n<h5 style=\"text-align: center;\"><b>Mom, Creator<\/b><\/h5>\n<p style=\"text-align: center;\"><span style=\"font-weight: 400;\">It is to her that I owe the idea of \u200b\u200bthis beautiful project, the photos, the videos as well as all the trips and outings in which I participate. <\/span><\/p>\n<p>[\/vc_column_text][vc_empty_space height=&#8221;54px&#8221;][\/vc_column][vc_column width=&#8221;1\/3&#8243; css=&#8221;.vc_custom_1561667597578{padding-right: 50px !important;padding-left: 50px !important;}&#8221;][vc_single_image image=&#8221;7191&#8243; img_size=&#8221;300&#215;300&#8243; alignment=&#8221;center&#8221; style=&#8221;vc_box_circle_2&#8243; css=&#8221;.vc_custom_1561695876735{padding-bottom: 50px !important;}&#8221;][vc_column_text]<\/p>\n<h5 style=\"text-align: center;\"><b>Jeff Fortier, Webmaster<\/b><\/h5>\n<p style=\"text-align: center;\"><span style=\"font-weight: 400;\">Webmaster and owner of Id\u00e9ocom.ca, Jeff is passionate about travel. No wonder he agreed to design my website. Jeff worked so hard to perfect my unique look that he is now practically part of the family.<\/span><\/p>\n<p>[\/vc_column_text][vc_empty_space height=&#8221;54px&#8221;][\/vc_column][vc_column width=&#8221;1\/3&#8243; css=&#8221;.vc_custom_1561667604947{padding-right: 50px !important;padding-left: 50px !important;}&#8221;][vc_single_image image=&#8221;8349&#8243; img_size=&#8221;300&#215;300&#8243; alignment=&#8221;center&#8221; style=&#8221;vc_box_circle_2&#8243; css=&#8221;.vc_custom_1588614779876{padding-bottom: 50px !important;}&#8221;][vc_column_text]<\/p>\n<h5 style=\"text-align: center;\"><b>Gabrielle Rousseau, <\/b><b>Proofreader<\/b><\/h5>\n<p style=\"text-align: center;\"><span style=\"font-weight: 400;\">Co-owner of the linguistic services company Le bruit des plumes, Gabrielle has worked with my mother for several years on various projects. It was obvious that she would take care of the correction of our texts. <\/span><\/p>\n<p>[\/vc_column_text][vc_empty_space height=&#8221;54px&#8221;][\/vc_column][\/vc_row][vc_row row_content_width=&#8221;grid&#8221; simple_background_color=&#8221;#ff681a&#8221; css=&#8221;.vc_custom_1561667664116{padding-top: 67px !important;padding-bottom: 67px !important;}&#8221;][vc_column width=&#8221;1\/3&#8243; css=&#8221;.vc_custom_1561667673521{padding-right: 50px !important;padding-left: 50px !important;}&#8221;][vc_single_image image=&#8221;6821&#8243; img_size=&#8221;300&#215;300&#8243; alignment=&#8221;center&#8221; style=&#8221;vc_box_circle_2&#8243; css=&#8221;.vc_custom_1561696590513{padding-bottom: 50px !important;}&#8221;][vc_column_text]<\/p>\n<h5 style=\"text-align: center;\"><b>Dad, Driver and Milk Carrier<\/b><\/h5>\n<p style=\"text-align: center;\"><span style=\"font-weight: 400;\">Nothing more to say!<\/span><\/p>\n<p>[\/vc_column_text][vc_empty_space height=&#8221;54px&#8221;][\/vc_column][vc_column width=&#8221;1\/3&#8243; css=&#8221;.vc_custom_1561667680881{padding-right: 50px !important;padding-left: 50px !important;}&#8221;][vc_single_image image=&#8221;8342&#8243; img_size=&#8221;300&#215;300&#8243; alignment=&#8221;center&#8221; style=&#8221;vc_box_circle_2&#8243; css=&#8221;.vc_custom_1588614823010{padding-bottom: 50px !important;}&#8221;][vc_column_text]<\/p>\n<h5 style=\"text-align: center;\"><b>Claudie Boisvert, Graphic Designer<\/b><\/h5>\n<p style=\"text-align: center;\"><span style=\"font-weight: 400;\">It is thanks to Claudie, owner of Odace Communication, that I have such a beautiful logo featuring my hand-drawn face. <\/span><\/p>\n<p>[\/vc_column_text][vc_empty_space height=&#8221;54px&#8221;][\/vc_column][vc_column width=&#8221;1\/3&#8243; css=&#8221;.vc_custom_1561667688375{padding-right: 50px !important;padding-left: 50px !important;}&#8221;][vc_single_image image=&#8221;8340&#8243; img_size=&#8221;300&#215;300&#8243; alignment=&#8221;center&#8221; style=&#8221;vc_box_circle_2&#8243; css=&#8221;.vc_custom_1588614841872{padding-bottom: 50px !important;}&#8221;][vc_column_text]<\/p>\n<h5 style=\"text-align: center;\"><b>Michel Lavoie, Content Creator<\/b><\/h5>\n<p style=\"text-align: center;\"><span style=\"font-weight: 400;\">The latest recruit to my team, Michel specializes in managing social networks and loves everything related to web marketing.<\/span><\/p>\n<p>[\/vc_column_text][vc_empty_space height=&#8221;54px&#8221;][\/vc_column][\/vc_row][vc_row css=&#8221;.vc_custom_1501849194775{padding-top: 70px !important;padding-bottom: 115px !important;background-color: #f8f8f8 !important;}&#8221;][vc_column][vc_row_inner row_content_width=&#8221;grid&#8221;][vc_column_inner]<div class=\"mkdf-elements-holder   mkdf-one-column  mkdf-responsive-mode-768 \" ><div class=\"mkdf-eh-item   mkdf-horizontal-alignment-center \"  data-item-class=\"mkdf-eh-custom-7697\" data-768-1024=\"0 7% 0 7%\" data-680-768=\"0 8% 0 8%\" data-680=\"0 0% 0 0%\">\n\t<div class=\"mkdf-eh-item-inner\">\n\t\t<div class=\"mkdf-eh-item-content mkdf-eh-custom-7697\" style=\"padding: 0 15% 0 15%\">\n\t\t\t<div class=\"mkdf-section-title-holder  \" style=\"text-align: center\">\n\t<div class=\"mkdf-st-inner\">\n\t\t\t\t\t\t\t<h3 class=\"mkdf-st-title\" >\n\t\t\t\t TRAVELING BABY GOODS\t\t\t<\/h3>\n\t\t\t\t\t<\/div>\n<\/div>\t\t<\/div>\n\t<\/div>\n<\/div><\/div>[vc_empty_space height=&#8221;47px&#8221;][\/vc_column_inner][\/vc_row_inner][vc_row_inner row_content_width=&#8221;grid&#8221;][vc_column_inner]<div class=\"woocommerce columns-3 \"><ul class=\"products columns-3\">\n<li class=\"product type-product post-8567 status-publish first instock product_cat-marchandise-en has-post-thumbnail shipping-taxable purchasable product-type-simple\">\n\t<div class=\"mkdf-pl-inner\"><div class=\"mkdf-pl-image\"><img decoding=\"async\" width=\"300\" height=\"300\" src=\"https:\/\/lebebevoyageur.com\/wp-content\/uploads\/2019\/06\/tasse-3-300x300.jpg\" class=\"attachment-woocommerce_thumbnail size-woocommerce_thumbnail\" alt=\"tasse le B\u00e9b\u00e9 Voyageur\" srcset=\"https:\/\/lebebevoyageur.com\/wp-content\/uploads\/2019\/06\/tasse-3-300x300.jpg 300w, https:\/\/lebebevoyageur.com\/wp-content\/uploads\/2019\/06\/tasse-3-150x150.jpg 150w, https:\/\/lebebevoyageur.com\/wp-content\/uploads\/2019\/06\/tasse-3-100x100.jpg 100w, https:\/\/lebebevoyageur.com\/wp-content\/uploads\/2019\/06\/tasse-3.jpg 360w\" sizes=\"(max-width: 300px) 100vw, 300px\" \/><div class=\"mkdf-pl-text\"><div class=\"mkdf-pl-text-outer\"><div class=\"mkdf-pl-text-inner\"><a href=\"?add-to-cart=8567\" aria-describedby=\"woocommerce_loop_add_to_cart_link_describedby_8567\" data-quantity=\"1\" class=\"button product_type_simple add_to_cart_button ajax_add_to_cart\" data-product_id=\"8567\" data-product_sku=\"\" aria-label=\"Add to cart: &ldquo;Baby Traveler Mug&rdquo;\" rel=\"nofollow\">Add to cart<\/a><span id=\"woocommerce_loop_add_to_cart_link_describedby_8567\" class=\"screen-reader-text\">\n\t<\/span>\n<\/div><\/div><\/div><\/div><a href=\"https:\/\/lebebevoyageur.com\/en\/product\/baby-traveler-mug\/\" class=\"woocommerce-LoopProduct-link woocommerce-loop-product__link\"><\/a><\/div><div class=\"mkdf-pl-text-wrapper\"><h4 class=\"mkdf-product-list-title\"><a href=\"https:\/\/lebebevoyageur.com\/en\/product\/baby-traveler-mug\/\">Baby Traveler Mug<\/a><\/h4>\n\t<span class=\"price\"><span class=\"woocommerce-Price-amount amount\"><bdi><span class=\"woocommerce-Price-currencySymbol\">&#36;<\/span>20.00<\/bdi><\/span><\/span>\n<\/div><\/li><li class=\"product type-product post-8572 status-publish instock product_cat-marchandise-en has-post-thumbnail shipping-taxable purchasable product-type-simple\">\n\t<div class=\"mkdf-pl-inner\"><div class=\"mkdf-pl-image\"><img decoding=\"async\" width=\"300\" height=\"300\" src=\"https:\/\/lebebevoyageur.com\/wp-content\/uploads\/2019\/06\/t-shirt-300x300.png\" class=\"attachment-woocommerce_thumbnail size-woocommerce_thumbnail\" alt=\"t-shirt le b\u00e9b\u00e9 voyageur\" srcset=\"https:\/\/lebebevoyageur.com\/wp-content\/uploads\/2019\/06\/t-shirt-300x300.png 300w, https:\/\/lebebevoyageur.com\/wp-content\/uploads\/2019\/06\/t-shirt-150x150.png 150w, https:\/\/lebebevoyageur.com\/wp-content\/uploads\/2019\/06\/t-shirt-550x550.png 550w, https:\/\/lebebevoyageur.com\/wp-content\/uploads\/2019\/06\/t-shirt-100x100.png 100w\" sizes=\"(max-width: 300px) 100vw, 300px\" \/><div class=\"mkdf-pl-text\"><div class=\"mkdf-pl-text-outer\"><div class=\"mkdf-pl-text-inner\"><a href=\"?add-to-cart=8572\" aria-describedby=\"woocommerce_loop_add_to_cart_link_describedby_8572\" data-quantity=\"1\" class=\"button product_type_simple add_to_cart_button ajax_add_to_cart\" data-product_id=\"8572\" data-product_sku=\"\" aria-label=\"Add to cart: &ldquo;Baby Traveler T-Shirt&rdquo;\" rel=\"nofollow\">Add to cart<\/a><span id=\"woocommerce_loop_add_to_cart_link_describedby_8572\" class=\"screen-reader-text\">\n\t<\/span>\n<\/div><\/div><\/div><\/div><a href=\"https:\/\/lebebevoyageur.com\/en\/product\/baby-traveler-t-shirt\/\" class=\"woocommerce-LoopProduct-link woocommerce-loop-product__link\"><\/a><\/div><div class=\"mkdf-pl-text-wrapper\"><h4 class=\"mkdf-product-list-title\"><a href=\"https:\/\/lebebevoyageur.com\/en\/product\/baby-traveler-t-shirt\/\">Baby Traveler T-Shirt<\/a><\/h4>\n\t<span class=\"price\"><span class=\"woocommerce-Price-amount amount\"><bdi><span class=\"woocommerce-Price-currencySymbol\">&#36;<\/span>20.00<\/bdi><\/span><\/span>\n<\/div><\/li><li class=\"product type-product post-8563 status-publish last instock product_cat-marchandise-en has-post-thumbnail shipping-taxable purchasable product-type-simple\">\n\t<div class=\"mkdf-pl-inner\"><div class=\"mkdf-pl-image\"><img decoding=\"async\" width=\"300\" height=\"300\" src=\"https:\/\/lebebevoyageur.com\/wp-content\/uploads\/2019\/06\/lunette-de-soleil-300x300.jpg\" class=\"attachment-woocommerce_thumbnail size-woocommerce_thumbnail\" alt=\"Lunette de soleil Le B\u00e9b\u00e9 Voyageur\" srcset=\"https:\/\/lebebevoyageur.com\/wp-content\/uploads\/2019\/06\/lunette-de-soleil-300x300.jpg 300w, https:\/\/lebebevoyageur.com\/wp-content\/uploads\/2019\/06\/lunette-de-soleil-150x150.jpg 150w, https:\/\/lebebevoyageur.com\/wp-content\/uploads\/2019\/06\/lunette-de-soleil-550x550.jpg 550w, https:\/\/lebebevoyageur.com\/wp-content\/uploads\/2019\/06\/lunette-de-soleil-600x600.jpg 600w, https:\/\/lebebevoyageur.com\/wp-content\/uploads\/2019\/06\/lunette-de-soleil-100x100.jpg 100w, https:\/\/lebebevoyageur.com\/wp-content\/uploads\/2019\/06\/lunette-de-soleil.jpg 616w\" sizes=\"(max-width: 300px) 100vw, 300px\" \/><div class=\"mkdf-pl-text\"><div class=\"mkdf-pl-text-outer\"><div class=\"mkdf-pl-text-inner\"><a href=\"?add-to-cart=8563\" aria-describedby=\"woocommerce_loop_add_to_cart_link_describedby_8563\" data-quantity=\"1\" class=\"button product_type_simple add_to_cart_button ajax_add_to_cart\" data-product_id=\"8563\" data-product_sku=\"\" aria-label=\"Add to cart: &ldquo;Traveler Baby Sunglasses&rdquo;\" rel=\"nofollow\">Add to cart<\/a><span id=\"woocommerce_loop_add_to_cart_link_describedby_8563\" class=\"screen-reader-text\">\n\t<\/span>\n<\/div><\/div><\/div><\/div><a href=\"https:\/\/lebebevoyageur.com\/en\/product\/traveler-baby-sunglasses\/\" class=\"woocommerce-LoopProduct-link woocommerce-loop-product__link\"><\/a><\/div><div class=\"mkdf-pl-text-wrapper\"><h4 class=\"mkdf-product-list-title\"><a href=\"https:\/\/lebebevoyageur.com\/en\/product\/traveler-baby-sunglasses\/\">Traveler Baby Sunglasses<\/a><\/h4>\n\t<span class=\"price\"><span class=\"woocommerce-Price-amount amount\"><bdi><span class=\"woocommerce-Price-currencySymbol\">&#36;<\/span>20.00<\/bdi><\/span><\/span>\n<\/div><\/li><\/ul>\n<\/div>[\/vc_column_inner][\/vc_row_inner][\/vc_column][\/vc_row][vc_row parallax_background_image=&#8221;132&#8243;][vc_column]<div class=\"mkdf-elements-holder   mkdf-two-columns  mkdf-responsive-mode-768 \" ><div class=\"mkdf-eh-item    \"  data-item-class=\"mkdf-eh-custom-9635\" data-1280-1600=\"0 0% 40px 30%\" data-1024-1280=\"0 0% 30px 19%\" data-768-1024=\"0 0% 40px 11%\" data-680-768=\"90px 0% 30px 11%\" data-680=\"90px 9% 10px\">\n\t<div class=\"mkdf-eh-item-inner\">\n\t\t<div class=\"mkdf-eh-item-content mkdf-eh-custom-9635\" style=\"padding: 0 0% 30px 40%\">\n\t\t\t[vc_single_image image=&#8221;116&#8243; img_size=&#8221;full&#8221;]\t\t<\/div>\n\t<\/div>\n<\/div><div class=\"mkdf-eh-item    \"  data-item-class=\"mkdf-eh-custom-6185\" data-1280-1600=\"54px 29% 115px 3%\" data-1024-1280=\"61px 14% 113px 4%\" data-768-1024=\"35px 5% 115px 5%\" data-680-768=\"35px 8% 115px 12%\" data-680=\"35px 8% 115px 12%\">\n\t<div class=\"mkdf-eh-item-inner\">\n\t\t<div class=\"mkdf-eh-item-content mkdf-eh-custom-6185\" style=\"padding: 54px 29% 115px 3%\">\n\t\t\t<h2 class=\"mkdf-custom-font-holder  mkdf-cf-5172  \" style=\"font-family: Montserrat;font-size: 50px;line-height: 70px;font-weight: 600;letter-spacing: -1px;text-align: left;color: #ffffff;margin: 0 0 0 0\" data-item-class=\"mkdf-cf-5172\">\n\t Offer for our fans<\/h2><h2 class=\"mkdf-custom-font-holder  mkdf-cf-6110  \" style=\"font-family: Playfair Display;font-size: 20px;line-height: 25px;font-weight: 400;font-style: italic;text-align: left;color: #ffffff;margin: 0 0 0 0\" data-item-class=\"mkdf-cf-6110\">\n\t15% off the store.<\/h2>[vc_empty_space height=&#8221;10px&#8221;][vc_column_text]<\/p>\n<p><span style=\"color: #ffffff;\">Subscribe to our Facebook and Instagram page and we will send you a promo code of 15% off.<\/span><\/p>\n<p>[\/vc_column_text][vc_empty_space]\t\t<\/div>\n\t<\/div>\n<\/div><\/div>[\/vc_column][\/vc_row]<\/p>\n<\/div><!-- AddThis Advanced Settings generic via filter on the_content --><!-- AddThis Share Buttons generic via filter on the_content -->","protected":false},"excerpt":{"rendered":"<p> [&hellip;]<!-- AddThis Advanced Settings generic via filter on get_the_excerpt --><!-- AddThis Share Buttons generic via filter on get_the_excerpt --><\/p>\n","protected":false},"author":1,"featured_media":0,"parent":0,"menu_order":0,"comment_status":"closed","ping_status":"closed","template":"full-width.php","meta":{"footnotes":""},"class_list":["post-7970","page","type-page","status-publish","hentry"],"yoast_head":"<!-- This site is optimized with the Yoast SEO plugin v22.7 - https:\/\/yoast.com\/wordpress\/plugins\/seo\/ -->\n<title>Who am I - Le B\u00e9b\u00e9 Voyageur<\/title>\n<meta name=\"robots\" content=\"index, follow, max-snippet:-1, max-image-preview:large, max-video-preview:-1\" \/>\n<link rel=\"canonical\" href=\"https:\/\/lebebevoyageur.com\/en\/who-am-i\/\" \/>\n<meta property=\"og:locale\" content=\"en_US\" \/>\n<meta property=\"og:type\" content=\"article\" \/>\n<meta property=\"og:title\" content=\"Who am I - Le B\u00e9b\u00e9 Voyageur\" \/>\n<meta property=\"og:description\" content=\"[&hellip;]\" \/>\n<meta property=\"og:url\" content=\"https:\/\/lebebevoyageur.com\/en\/who-am-i\/\" \/>\n<meta property=\"og:site_name\" content=\"Le B\u00e9b\u00e9 Voyageur\" \/>\n<meta property=\"article:modified_time\" content=\"2020-05-06T01:17:23+00:00\" \/>\n<meta name=\"twitter:card\" content=\"summary_large_image\" \/>\n<meta name=\"twitter:label1\" content=\"Est. reading time\" \/>\n\t<meta name=\"twitter:data1\" content=\"6 minutes\" \/>\n<script type=\"application\/ld+json\" class=\"yoast-schema-graph\">{\"@context\":\"https:\/\/schema.org\",\"@graph\":[{\"@type\":\"WebPage\",\"@id\":\"https:\/\/lebebevoyageur.com\/en\/who-am-i\/\",\"url\":\"https:\/\/lebebevoyageur.com\/en\/who-am-i\/\",\"name\":\"Who am I - Le B\u00e9b\u00e9 Voyageur\",\"isPartOf\":{\"@id\":\"https:\/\/lebebevoyageur.com\/en\/#website\"},\"datePublished\":\"2017-08-07T13:02:07+00:00\",\"dateModified\":\"2020-05-06T01:17:23+00:00\",\"breadcrumb\":{\"@id\":\"https:\/\/lebebevoyageur.com\/en\/who-am-i\/#breadcrumb\"},\"inLanguage\":\"en-US\",\"potentialAction\":[{\"@type\":\"ReadAction\",\"target\":[\"https:\/\/lebebevoyageur.com\/en\/who-am-i\/\"]}]},{\"@type\":\"BreadcrumbList\",\"@id\":\"https:\/\/lebebevoyageur.com\/en\/who-am-i\/#breadcrumb\",\"itemListElement\":[{\"@type\":\"ListItem\",\"position\":1,\"name\":\"Accueil\",\"item\":\"https:\/\/lebebevoyageur.com\/en\/\"},{\"@type\":\"ListItem\",\"position\":2,\"name\":\"Who am I\"}]},{\"@type\":\"WebSite\",\"@id\":\"https:\/\/lebebevoyageur.com\/en\/#website\",\"url\":\"https:\/\/lebebevoyageur.com\/en\/\",\"name\":\"Le B\u00e9b\u00e9 Voyageur\",\"description\":\"\",\"potentialAction\":[{\"@type\":\"SearchAction\",\"target\":{\"@type\":\"EntryPoint\",\"urlTemplate\":\"https:\/\/lebebevoyageur.com\/en\/?s={search_term_string}\"},\"query-input\":\"required name=search_term_string\"}],\"inLanguage\":\"en-US\"}]}<\/script>\n<!-- \/ Yoast SEO plugin. -->","yoast_head_json":{"title":"Who am I - Le B\u00e9b\u00e9 Voyageur","robots":{"index":"index","follow":"follow","max-snippet":"max-snippet:-1","max-image-preview":"max-image-preview:large","max-video-preview":"max-video-preview:-1"},"canonical":"https:\/\/lebebevoyageur.com\/en\/who-am-i\/","og_locale":"en_US","og_type":"article","og_title":"Who am I - Le B\u00e9b\u00e9 Voyageur","og_description":"[&hellip;]","og_url":"https:\/\/lebebevoyageur.com\/en\/who-am-i\/","og_site_name":"Le B\u00e9b\u00e9 Voyageur","article_modified_time":"2020-05-06T01:17:23+00:00","twitter_card":"summary_large_image","twitter_misc":{"Est. reading time":"6 minutes"},"schema":{"@context":"https:\/\/schema.org","@graph":[{"@type":"WebPage","@id":"https:\/\/lebebevoyageur.com\/en\/who-am-i\/","url":"https:\/\/lebebevoyageur.com\/en\/who-am-i\/","name":"Who am I - Le B\u00e9b\u00e9 Voyageur","isPartOf":{"@id":"https:\/\/lebebevoyageur.com\/en\/#website"},"datePublished":"2017-08-07T13:02:07+00:00","dateModified":"2020-05-06T01:17:23+00:00","breadcrumb":{"@id":"https:\/\/lebebevoyageur.com\/en\/who-am-i\/#breadcrumb"},"inLanguage":"en-US","potentialAction":[{"@type":"ReadAction","target":["https:\/\/lebebevoyageur.com\/en\/who-am-i\/"]}]},{"@type":"BreadcrumbList","@id":"https:\/\/lebebevoyageur.com\/en\/who-am-i\/#breadcrumb","itemListElement":[{"@type":"ListItem","position":1,"name":"Accueil","item":"https:\/\/lebebevoyageur.com\/en\/"},{"@type":"ListItem","position":2,"name":"Who am I"}]},{"@type":"WebSite","@id":"https:\/\/lebebevoyageur.com\/en\/#website","url":"https:\/\/lebebevoyageur.com\/en\/","name":"Le B\u00e9b\u00e9 Voyageur","description":"","potentialAction":[{"@type":"SearchAction","target":{"@type":"EntryPoint","urlTemplate":"https:\/\/lebebevoyageur.com\/en\/?s={search_term_string}"},"query-input":"required name=search_term_string"}],"inLanguage":"en-US"}]}},"_links":{"self":[{"href":"https:\/\/lebebevoyageur.com\/en\/wp-json\/wp\/v2\/pages\/7970","targetHints":{"allow":["GET"]}}],"collection":[{"href":"https:\/\/lebebevoyageur.com\/en\/wp-json\/wp\/v2\/pages"}],"about":[{"href":"https:\/\/lebebevoyageur.com\/en\/wp-json\/wp\/v2\/types\/page"}],"author":[{"embeddable":true,"href":"https:\/\/lebebevoyageur.com\/en\/wp-json\/wp\/v2\/users\/1"}],"replies":[{"embeddable":true,"href":"https:\/\/lebebevoyageur.com\/en\/wp-json\/wp\/v2\/comments?post=7970"}],"version-history":[{"count":10,"href":"https:\/\/lebebevoyageur.com\/en\/wp-json\/wp\/v2\/pages\/7970\/revisions"}],"predecessor-version":[{"id":8569,"href":"https:\/\/lebebevoyageur.com\/en\/wp-json\/wp\/v2\/pages\/7970\/revisions\/8569"}],"wp:attachment":[{"href":"https:\/\/lebebevoyageur.com\/en\/wp-json\/wp\/v2\/media?parent=7970"}],"curies":[{"name":"wp","href":"https:\/\/api.w.org\/{rel}","templated":true}]}}