{"id":8563,"date":"2019-06-28T11:29:01","date_gmt":"2019-06-28T11:29:01","guid":{"rendered":"http:\/\/www.lebebevoyageur.com\/product\/lunette-de-soleil-bebe-voyageur\/"},"modified":"2020-05-06T01:14:25","modified_gmt":"2020-05-06T01:14:25","slug":"traveler-baby-sunglasses","status":"publish","type":"product","link":"https:\/\/lebebevoyageur.com\/en\/product\/traveler-baby-sunglasses\/","title":{"rendered":"Traveler Baby Sunglasses"},"content":{"rendered":"<p> Traveler Baby Sunglasses<\/p>\n<!-- AddThis Advanced Settings generic via filter on the_content --><!-- AddThis Share Buttons generic via filter on the_content -->","protected":false},"excerpt":{"rendered":"<p>Superbe lunette de soleil B\u00e9b\u00e9 Voyageur<!-- AddThis Advanced Settings generic via filter on get_the_excerpt --><!-- AddThis Share Buttons generic via filter on get_the_excerpt --><\/p>\n","protected":false},"featured_media":7298,"template":"","meta":[],"product_cat":[134],"product_tag":[],"class_list":{"0":"post-8563","1":"product","2":"type-product","3":"status-publish","4":"has-post-thumbnail","6":"product_cat-marchandise-en","8":"first","9":"instock","10":"shipping-taxable","11":"purchasable","12":"product-type-simple"},"yoast_head":"<!-- This site is optimized with the Yoast SEO plugin v22.7 - https:\/\/yoast.com\/wordpress\/plugins\/seo\/ -->\n<title>Traveler Baby Sunglasses - Le B\u00e9b\u00e9 Voyageur<\/title>\n<meta name=\"robots\" content=\"index, follow, max-snippet:-1, max-image-preview:large, max-video-preview:-1\" \/>\n<link rel=\"canonical\" href=\"https:\/\/lebebevoyageur.com\/en\/product\/traveler-baby-sunglasses\/\" \/>\n<meta property=\"og:locale\" content=\"en_US\" \/>\n<meta property=\"og:type\" content=\"article\" \/>\n<meta property=\"og:title\" content=\"Traveler Baby Sunglasses - Le B\u00e9b\u00e9 Voyageur\" \/>\n<meta property=\"og:description\" content=\"Superbe lunette de soleil B\u00e9b\u00e9 Voyageur\" \/>\n<meta property=\"og:url\" content=\"https:\/\/lebebevoyageur.com\/en\/product\/traveler-baby-sunglasses\/\" \/>\n<meta property=\"og:site_name\" content=\"Le B\u00e9b\u00e9 Voyageur\" \/>\n<meta property=\"article:modified_time\" content=\"2020-05-06T01:14:25+00:00\" \/>\n<meta property=\"og:image\" content=\"https:\/\/lebebevoyageur.com\/wp-content\/uploads\/2019\/06\/lunette-de-soleil.jpg\" \/>\n\t<meta property=\"og:image:width\" content=\"616\" \/>\n\t<meta property=\"og:image:height\" content=\"616\" \/>\n\t<meta property=\"og:image:type\" content=\"image\/jpeg\" \/>\n<meta name=\"twitter:card\" content=\"summary_large_image\" \/>\n<script type=\"application\/ld+json\" class=\"yoast-schema-graph\">{\"@context\":\"https:\/\/schema.org\",\"@graph\":[{\"@type\":\"WebPage\",\"@id\":\"https:\/\/lebebevoyageur.com\/en\/product\/traveler-baby-sunglasses\/\",\"url\":\"https:\/\/lebebevoyageur.com\/en\/product\/traveler-baby-sunglasses\/\",\"name\":\"Traveler Baby Sunglasses - Le B\u00e9b\u00e9 Voyageur\",\"isPartOf\":{\"@id\":\"https:\/\/lebebevoyageur.com\/en\/#website\"},\"primaryImageOfPage\":{\"@id\":\"https:\/\/lebebevoyageur.com\/en\/product\/traveler-baby-sunglasses\/#primaryimage\"},\"image\":{\"@id\":\"https:\/\/lebebevoyageur.com\/en\/product\/traveler-baby-sunglasses\/#primaryimage\"},\"thumbnailUrl\":\"https:\/\/lebebevoyageur.com\/wp-content\/uploads\/2019\/06\/lunette-de-soleil.jpg\",\"datePublished\":\"2019-06-28T11:29:01+00:00\",\"dateModified\":\"2020-05-06T01:14:25+00:00\",\"breadcrumb\":{\"@id\":\"https:\/\/lebebevoyageur.com\/en\/product\/traveler-baby-sunglasses\/#breadcrumb\"},\"inLanguage\":\"en-US\",\"potentialAction\":[{\"@type\":\"ReadAction\",\"target\":[\"https:\/\/lebebevoyageur.com\/en\/product\/traveler-baby-sunglasses\/\"]}]},{\"@type\":\"ImageObject\",\"inLanguage\":\"en-US\",\"@id\":\"https:\/\/lebebevoyageur.com\/en\/product\/traveler-baby-sunglasses\/#primaryimage\",\"url\":\"https:\/\/lebebevoyageur.com\/wp-content\/uploads\/2019\/06\/lunette-de-soleil.jpg\",\"contentUrl\":\"https:\/\/lebebevoyageur.com\/wp-content\/uploads\/2019\/06\/lunette-de-soleil.jpg\",\"width\":616,\"height\":616,\"caption\":\"Lunette de soleil Le B\u00e9b\u00e9 Voyageur\"},{\"@type\":\"BreadcrumbList\",\"@id\":\"https:\/\/lebebevoyageur.com\/en\/product\/traveler-baby-sunglasses\/#breadcrumb\",\"itemListElement\":[{\"@type\":\"ListItem\",\"position\":1,\"name\":\"Accueil\",\"item\":\"https:\/\/lebebevoyageur.com\/en\/\"},{\"@type\":\"ListItem\",\"position\":2,\"name\":\"Boutique\",\"item\":\"https:\/\/lebebevoyageur.com\/boutique\/\"},{\"@type\":\"ListItem\",\"position\":3,\"name\":\"Traveler Baby Sunglasses\"}]},{\"@type\":\"WebSite\",\"@id\":\"https:\/\/lebebevoyageur.com\/en\/#website\",\"url\":\"https:\/\/lebebevoyageur.com\/en\/\",\"name\":\"Le B\u00e9b\u00e9 Voyageur\",\"description\":\"\",\"potentialAction\":[{\"@type\":\"SearchAction\",\"target\":{\"@type\":\"EntryPoint\",\"urlTemplate\":\"https:\/\/lebebevoyageur.com\/en\/?s={search_term_string}\"},\"query-input\":\"required name=search_term_string\"}],\"inLanguage\":\"en-US\"}]}<\/script>\n<!-- \/ Yoast SEO plugin. -->","yoast_head_json":{"title":"Traveler Baby Sunglasses - Le B\u00e9b\u00e9 Voyageur","robots":{"index":"index","follow":"follow","max-snippet":"max-snippet:-1","max-image-preview":"max-image-preview:large","max-video-preview":"max-video-preview:-1"},"canonical":"https:\/\/lebebevoyageur.com\/en\/product\/traveler-baby-sunglasses\/","og_locale":"en_US","og_type":"article","og_title":"Traveler Baby Sunglasses - Le B\u00e9b\u00e9 Voyageur","og_description":"Superbe lunette de soleil B\u00e9b\u00e9 Voyageur","og_url":"https:\/\/lebebevoyageur.com\/en\/product\/traveler-baby-sunglasses\/","og_site_name":"Le B\u00e9b\u00e9 Voyageur","article_modified_time":"2020-05-06T01:14:25+00:00","og_image":[{"width":616,"height":616,"url":"https:\/\/lebebevoyageur.com\/wp-content\/uploads\/2019\/06\/lunette-de-soleil.jpg","type":"image\/jpeg"}],"twitter_card":"summary_large_image","schema":{"@context":"https:\/\/schema.org","@graph":[{"@type":"WebPage","@id":"https:\/\/lebebevoyageur.com\/en\/product\/traveler-baby-sunglasses\/","url":"https:\/\/lebebevoyageur.com\/en\/product\/traveler-baby-sunglasses\/","name":"Traveler Baby Sunglasses - Le B\u00e9b\u00e9 Voyageur","isPartOf":{"@id":"https:\/\/lebebevoyageur.com\/en\/#website"},"primaryImageOfPage":{"@id":"https:\/\/lebebevoyageur.com\/en\/product\/traveler-baby-sunglasses\/#primaryimage"},"image":{"@id":"https:\/\/lebebevoyageur.com\/en\/product\/traveler-baby-sunglasses\/#primaryimage"},"thumbnailUrl":"https:\/\/lebebevoyageur.com\/wp-content\/uploads\/2019\/06\/lunette-de-soleil.jpg","datePublished":"2019-06-28T11:29:01+00:00","dateModified":"2020-05-06T01:14:25+00:00","breadcrumb":{"@id":"https:\/\/lebebevoyageur.com\/en\/product\/traveler-baby-sunglasses\/#breadcrumb"},"inLanguage":"en-US","potentialAction":[{"@type":"ReadAction","target":["https:\/\/lebebevoyageur.com\/en\/product\/traveler-baby-sunglasses\/"]}]},{"@type":"ImageObject","inLanguage":"en-US","@id":"https:\/\/lebebevoyageur.com\/en\/product\/traveler-baby-sunglasses\/#primaryimage","url":"https:\/\/lebebevoyageur.com\/wp-content\/uploads\/2019\/06\/lunette-de-soleil.jpg","contentUrl":"https:\/\/lebebevoyageur.com\/wp-content\/uploads\/2019\/06\/lunette-de-soleil.jpg","width":616,"height":616,"caption":"Lunette de soleil Le B\u00e9b\u00e9 Voyageur"},{"@type":"BreadcrumbList","@id":"https:\/\/lebebevoyageur.com\/en\/product\/traveler-baby-sunglasses\/#breadcrumb","itemListElement":[{"@type":"ListItem","position":1,"name":"Accueil","item":"https:\/\/lebebevoyageur.com\/en\/"},{"@type":"ListItem","position":2,"name":"Boutique","item":"https:\/\/lebebevoyageur.com\/boutique\/"},{"@type":"ListItem","position":3,"name":"Traveler Baby Sunglasses"}]},{"@type":"WebSite","@id":"https:\/\/lebebevoyageur.com\/en\/#website","url":"https:\/\/lebebevoyageur.com\/en\/","name":"Le B\u00e9b\u00e9 Voyageur","description":"","potentialAction":[{"@type":"SearchAction","target":{"@type":"EntryPoint","urlTemplate":"https:\/\/lebebevoyageur.com\/en\/?s={search_term_string}"},"query-input":"required name=search_term_string"}],"inLanguage":"en-US"}]}},"_links":{"self":[{"href":"https:\/\/lebebevoyageur.com\/en\/wp-json\/wp\/v2\/product\/8563","targetHints":{"allow":["GET"]}}],"collection":[{"href":"https:\/\/lebebevoyageur.com\/en\/wp-json\/wp\/v2\/product"}],"about":[{"href":"https:\/\/lebebevoyageur.com\/en\/wp-json\/wp\/v2\/types\/product"}],"wp:featuredmedia":[{"embeddable":true,"href":"https:\/\/lebebevoyageur.com\/en\/wp-json\/wp\/v2\/media\/7298"}],"wp:attachment":[{"href":"https:\/\/lebebevoyageur.com\/en\/wp-json\/wp\/v2\/media?parent=8563"}],"wp:term":[{"taxonomy":"product_cat","embeddable":true,"href":"https:\/\/lebebevoyageur.com\/en\/wp-json\/wp\/v2\/product_cat?post=8563"},{"taxonomy":"product_tag","embeddable":true,"href":"https:\/\/lebebevoyageur.com\/en\/wp-json\/wp\/v2\/product_tag?post=8563"}],"curies":[{"name":"wp","href":"https:\/\/api.w.org\/{rel}","templated":true}]}}